{"id":29,"date":"2023-08-10T08:00:58","date_gmt":"2023-08-10T11:00:58","guid":{"rendered":"https:\/\/andarilhosdachapada.com\/?page_id=29"},"modified":"2025-05-17T21:07:39","modified_gmt":"2025-05-18T00:07:39","slug":"roteiro-personalizado","status":"publish","type":"page","link":"https:\/\/andarilhosdachapada.com\/index.php\/roteiro-personalizado\/","title":{"rendered":"Roteiro Personalizado"},"content":{"rendered":"\t\t<div data-elementor-type=\"wp-page\" data-elementor-id=\"29\" class=\"elementor elementor-29\" data-elementor-post-type=\"page\">\n\t\t\t\t\t\t<section class=\"elementor-section elementor-top-section elementor-element elementor-element-339ce83 elementor-section-full_width elementor-section-height-min-height elementor-section-stretched elementor-section-height-default elementor-section-items-middle\" data-id=\"339ce83\" data-element_type=\"section\" data-settings=\"{&quot;stretch_section&quot;:&quot;section-stretched&quot;,&quot;background_background&quot;:&quot;classic&quot;}\">\n\t\t\t\t\t\t\t<div class=\"elementor-background-overlay\"><\/div>\n\t\t\t\t\t\t\t<div class=\"elementor-container elementor-column-gap-default\">\n\t\t\t\t\t<div class=\"elementor-column elementor-col-100 elementor-top-column elementor-element elementor-element-a66f507\" data-id=\"a66f507\" data-element_type=\"column\">\n\t\t\t<div class=\"elementor-widget-wrap\">\n\t\t\t\t\t\t\t<\/div>\n\t\t<\/div>\n\t\t\t\t\t<\/div>\n\t\t<\/section>\n\t\t\t\t<section class=\"elementor-section elementor-top-section elementor-element elementor-element-4e89465 elementor-section-full_width elementor-section-height-min-height elementor-section-height-default elementor-section-items-middle\" data-id=\"4e89465\" data-element_type=\"section\">\n\t\t\t\t\t\t<div class=\"elementor-container elementor-column-gap-default\">\n\t\t\t\t\t<div class=\"elementor-column elementor-col-100 elementor-top-column elementor-element elementor-element-9c2daf7\" data-id=\"9c2daf7\" data-element_type=\"column\">\n\t\t\t<div class=\"elementor-widget-wrap elementor-element-populated\">\n\t\t\t\t\t\t<div class=\"elementor-element elementor-element-96a01b3 elementor-widget elementor-widget-heading\" data-id=\"96a01b3\" data-element_type=\"widget\" data-widget_type=\"heading.default\">\n\t\t\t\t<div class=\"elementor-widget-container\">\n\t\t\t\t\t<h2 class=\"elementor-heading-title elementor-size-default\">Crie o seu roteiro de passeios.<\/h2>\t\t\t\t<\/div>\n\t\t\t\t<\/div>\n\t\t\t\t<div class=\"elementor-element elementor-element-2473436 elementor-widget elementor-widget-text-editor\" data-id=\"2473436\" data-element_type=\"widget\" data-widget_type=\"text-editor.default\">\n\t\t\t\t<div class=\"elementor-widget-container\">\n\t\t\t\t\t\t\t\t\t<p>Explore as maravilhas naturais deste para\u00edso brasileiro com nossos pacotes personalizados e acess\u00edveis. Nossa equipe especializada est\u00e1 pronta para criar uma experi\u00eancia \u00fanica, levando voc\u00ea a trilhas fascinantes, cachoeiras deslumbrantes, grutas misteriosas e vistas panor\u00e2micas de tirar o f\u00f4lego.<\/p>\t\t\t\t\t\t\t\t<\/div>\n\t\t\t\t<\/div>\n\t\t\t\t<div class=\"elementor-element elementor-element-9d45ceb elementor-button-align-start elementor-widget elementor-widget-form\" data-id=\"9d45ceb\" data-element_type=\"widget\" data-settings=\"{&quot;step_next_label&quot;:&quot;Pr\\u00f3ximo&quot;,&quot;step_previous_label&quot;:&quot;Anterior&quot;,&quot;button_width&quot;:&quot;100&quot;,&quot;step_type&quot;:&quot;number_text&quot;,&quot;step_icon_shape&quot;:&quot;circle&quot;}\" data-widget_type=\"form.default\">\n\t\t\t\t<div class=\"elementor-widget-container\">\n\t\t\t\t\t\t\t<form class=\"elementor-form\" method=\"post\" name=\"SITE | Roteiro Personalizado\">\n\t\t\t<input type=\"hidden\" name=\"post_id\" value=\"29\"\/>\n\t\t\t<input type=\"hidden\" name=\"form_id\" value=\"9d45ceb\"\/>\n\t\t\t<input type=\"hidden\" name=\"referer_title\" value=\"\" \/>\n\n\t\t\t\n\t\t\t<div class=\"elementor-form-fields-wrapper elementor-labels-above\">\n\t\t\t\t\t\t\t\t<div class=\"elementor-field-type-text elementor-field-group elementor-column elementor-field-group-name elementor-col-50 elementor-sm-100\">\n\t\t\t\t\t\t\t\t\t\t\t\t<label for=\"form-field-name\" class=\"elementor-field-label\">\n\t\t\t\t\t\t\t\tNome e Sobrenome\t\t\t\t\t\t\t<\/label>\n\t\t\t\t\t\t\t\t\t\t\t\t\t\t<input size=\"1\" type=\"text\" name=\"form_fields[name]\" id=\"form-field-name\" class=\"elementor-field elementor-size-sm  elementor-field-textual\" placeholder=\"Como podemos te chamar?\">\n\t\t\t\t\t\t\t\t\t\t\t<\/div>\n\t\t\t\t\t\t\t\t<div class=\"elementor-field-type-number elementor-field-group elementor-column elementor-field-group-field_edba49f elementor-col-50 elementor-sm-100\">\n\t\t\t\t\t\t\t\t\t\t\t\t<label for=\"form-field-field_edba49f\" class=\"elementor-field-label\">\n\t\t\t\t\t\t\t\tWhatsapp\t\t\t\t\t\t\t<\/label>\n\t\t\t\t\t\t\t\t\t<input type=\"number\" name=\"form_fields[field_edba49f]\" id=\"form-field-field_edba49f\" class=\"elementor-field elementor-size-sm  elementor-field-textual\" placeholder=\"Qual o seu whatsapp?\" min=\"\" max=\"\" >\n\t\t\t\t\t\t<\/div>\n\t\t\t\t\t\t\t\t<div class=\"elementor-field-type-email elementor-field-group elementor-column elementor-field-group-email elementor-col-50 elementor-sm-100 elementor-field-required elementor-mark-required\">\n\t\t\t\t\t\t\t\t\t\t\t\t<label for=\"form-field-email\" class=\"elementor-field-label\">\n\t\t\t\t\t\t\t\tE-mail\t\t\t\t\t\t\t<\/label>\n\t\t\t\t\t\t\t\t\t\t\t\t\t\t<input size=\"1\" type=\"email\" name=\"form_fields[email]\" id=\"form-field-email\" class=\"elementor-field elementor-size-sm  elementor-field-textual\" placeholder=\"Seu melhor E-mail\" required=\"required\">\n\t\t\t\t\t\t\t\t\t\t\t<\/div>\n\t\t\t\t\t\t\t\t<div class=\"elementor-field-type-number elementor-field-group elementor-column elementor-field-group-field_d4f832e elementor-col-50 elementor-sm-100 elementor-field-required elementor-mark-required\">\n\t\t\t\t\t\t\t\t\t\t\t\t<label for=\"form-field-field_d4f832e\" class=\"elementor-field-label\">\n\t\t\t\t\t\t\t\tQuantos dias voc\u00ea ir\u00e1 ficar na Chapada Diamantina?\t\t\t\t\t\t\t<\/label>\n\t\t\t\t\t\t\t\t\t<input type=\"number\" name=\"form_fields[field_d4f832e]\" id=\"form-field-field_d4f832e\" class=\"elementor-field elementor-size-sm  elementor-field-textual\" placeholder=\"3 dias, 1 semana\" required=\"required\" min=\"1\" max=\"\" >\n\t\t\t\t\t\t<\/div>\n\t\t\t\t\t\t\t\t<div class=\"elementor-field-type-radio elementor-field-group elementor-column elementor-field-group-field_56af47e elementor-col-50 elementor-sm-100 elementor-field-required elementor-mark-required\">\n\t\t\t\t\t\t\t\t\t\t\t\t<label for=\"form-field-field_56af47e\" class=\"elementor-field-label\">\n\t\t\t\t\t\t\t\tVoc\u00ea vai precisar de tranfer?\t\t\t\t\t\t\t<\/label>\n\t\t\t\t\t\t<div class=\"elementor-field-subgroup  elementor-subgroup-inline\"><span class=\"elementor-field-option\"><input type=\"radio\" value=\"sim\" id=\"form-field-field_56af47e-0\" name=\"form_fields[field_56af47e]\" required=\"required\"> <label for=\"form-field-field_56af47e-0\">sim<\/label><\/span><span class=\"elementor-field-option\"><input type=\"radio\" value=\"n\u00e3o\" id=\"form-field-field_56af47e-1\" name=\"form_fields[field_56af47e]\" required=\"required\"> <label for=\"form-field-field_56af47e-1\">n\u00e3o<\/label><\/span><\/div>\t\t\t\t<\/div>\n\t\t\t\t\t\t\t\t<div class=\"elementor-field-type-radio elementor-field-group elementor-column elementor-field-group-field_d5cb0e2 elementor-col-50 elementor-sm-100 elementor-field-required elementor-mark-required\">\n\t\t\t\t\t\t\t\t\t\t\t\t<label for=\"form-field-field_d5cb0e2\" class=\"elementor-field-label\">\n\t\t\t\t\t\t\t\tPrimeira vez na Chapada Dimantina?\t\t\t\t\t\t\t<\/label>\n\t\t\t\t\t\t<div class=\"elementor-field-subgroup  elementor-subgroup-inline\"><span class=\"elementor-field-option\"><input type=\"radio\" value=\"sim\" id=\"form-field-field_d5cb0e2-0\" name=\"form_fields[field_d5cb0e2]\" required=\"required\"> <label for=\"form-field-field_d5cb0e2-0\">sim<\/label><\/span><span class=\"elementor-field-option\"><input type=\"radio\" value=\"n\u00e3o\" id=\"form-field-field_d5cb0e2-1\" name=\"form_fields[field_d5cb0e2]\" required=\"required\"> <label for=\"form-field-field_d5cb0e2-1\">n\u00e3o<\/label><\/span><\/div>\t\t\t\t<\/div>\n\t\t\t\t\t\t\t\t<div class=\"elementor-field-type-radio elementor-field-group elementor-column elementor-field-group-field_412f9ea elementor-col-50 elementor-sm-100 elementor-field-required elementor-mark-required\">\n\t\t\t\t\t\t\t\t\t\t\t\t<label for=\"form-field-field_412f9ea\" class=\"elementor-field-label\">\n\t\t\t\t\t\t\t\tQual o n\u00edvel de dificuldade de trilha voc\u00ea deseja?\t\t\t\t\t\t\t<\/label>\n\t\t\t\t\t\t<div class=\"elementor-field-subgroup  elementor-subgroup-inline\"><span class=\"elementor-field-option\"><input type=\"radio\" value=\"F\u00e1cil\" id=\"form-field-field_412f9ea-0\" name=\"form_fields[field_412f9ea]\" required=\"required\"> <label for=\"form-field-field_412f9ea-0\">F\u00e1cil<\/label><\/span><span class=\"elementor-field-option\"><input type=\"radio\" value=\"Moderado\" id=\"form-field-field_412f9ea-1\" name=\"form_fields[field_412f9ea]\" required=\"required\"> <label for=\"form-field-field_412f9ea-1\">Moderado<\/label><\/span><span class=\"elementor-field-option\"><input type=\"radio\" value=\"Avan\u00e7ado\" id=\"form-field-field_412f9ea-2\" name=\"form_fields[field_412f9ea]\" required=\"required\"> <label for=\"form-field-field_412f9ea-2\">Avan\u00e7ado<\/label><\/span><\/div>\t\t\t\t<\/div>\n\t\t\t\t\t\t\t\t<div class=\"elementor-field-type-number elementor-field-group elementor-column elementor-field-group-message elementor-col-50 elementor-sm-100 elementor-field-required elementor-mark-required\">\n\t\t\t\t\t\t\t\t\t\t\t\t<label for=\"form-field-message\" class=\"elementor-field-label\">\n\t\t\t\t\t\t\t\tOs passeios s\u00e3o para quantas pessoas?\t\t\t\t\t\t\t<\/label>\n\t\t\t\t\t\t\t\t\t<input type=\"number\" name=\"form_fields[message]\" id=\"form-field-message\" class=\"elementor-field elementor-size-sm  elementor-field-textual\" placeholder=\"incluindo adulto, crian\u00e7a e idoso\" required=\"required\" min=\"1\" max=\"\" >\n\t\t\t\t\t\t<\/div>\n\t\t\t\t\t\t\t\t<div class=\"elementor-field-type-select elementor-field-group elementor-column elementor-field-group-field_3a5eb7f elementor-col-100 elementor-sm-100 elementor-field-required elementor-mark-required\">\n\t\t\t\t\t\t\t\t\t\t\t\t<label for=\"form-field-field_3a5eb7f\" class=\"elementor-field-label\">\n\t\t\t\t\t\t\t\tEm qual cidade voc\u00ea ir\u00e1 se hospedar?\t\t\t\t\t\t\t<\/label>\n\t\t\t\t\t\t\t\t<div class=\"elementor-field elementor-select-wrapper remove-before \">\n\t\t\t<div class=\"select-caret-down-wrapper\">\n\t\t\t\t<i aria-hidden=\"true\" class=\"eicon-caret-down\"><\/i>\t\t\t<\/div>\n\t\t\t<select name=\"form_fields[field_3a5eb7f]\" id=\"form-field-field_3a5eb7f\" class=\"elementor-field-textual elementor-size-sm\" required=\"required\">\n\t\t\t\t\t\t\t\t\t<option value=\"selecione a cidade\">selecione a cidade<\/option>\n\t\t\t\t\t\t\t\t\t<option value=\"Mucug\u00ea\">Mucug\u00ea<\/option>\n\t\t\t\t\t\t\t\t\t<option value=\"Len\u00e7\u00f3is\">Len\u00e7\u00f3is<\/option>\n\t\t\t\t\t\t\t\t\t<option value=\"Igatu\">Igatu<\/option>\n\t\t\t\t\t\t\t\t\t<option value=\"Ibicoara\">Ibicoara<\/option>\n\t\t\t\t\t\t\t\t\t<option value=\"Brumado\">Brumado<\/option>\n\t\t\t\t\t\t\t\t\t<option value=\"outro (a)\">outro (a)<\/option>\n\t\t\t\t\t\t\t<\/select>\n\t\t<\/div>\n\t\t\t\t\t\t<\/div>\n\t\t\t\t\t\t\t\t<div class=\"elementor-field-type-checkbox elementor-field-group elementor-column elementor-field-group-field_3190b3e elementor-col-100 elementor-sm-100\">\n\t\t\t\t\t\t\t\t\t\t\t\t<label for=\"form-field-field_3190b3e\" class=\"elementor-field-label\">\n\t\t\t\t\t\t\t\tselecione as trilhas que voc\u00ea quer conhecer.\t\t\t\t\t\t\t<\/label>\n\t\t\t\t\t\t<div class=\"elementor-field-subgroup  elementor-subgroup-inline\"><span class=\"elementor-field-option\"><input type=\"checkbox\" value=\"Cachoeira do Burac\u00e3o\" id=\"form-field-field_3190b3e-0\" name=\"form_fields[field_3190b3e][]\"> <label for=\"form-field-field_3190b3e-0\">Cachoeira do Burac\u00e3o<\/label><\/span><span class=\"elementor-field-option\"><input type=\"checkbox\" value=\"Fumacinha por Baixo\" id=\"form-field-field_3190b3e-1\" name=\"form_fields[field_3190b3e][]\"> <label for=\"form-field-field_3190b3e-1\">Fumacinha por Baixo<\/label><\/span><span class=\"elementor-field-option\"><input type=\"checkbox\" value=\"Fumacinha por Cima\" id=\"form-field-field_3190b3e-2\" name=\"form_fields[field_3190b3e][]\"> <label for=\"form-field-field_3190b3e-2\">Fumacinha por Cima<\/label><\/span><span class=\"elementor-field-option\"><input type=\"checkbox\" value=\"Cachoeira da Fuma\u00e7a\" id=\"form-field-field_3190b3e-3\" name=\"form_fields[field_3190b3e][]\"> <label for=\"form-field-field_3190b3e-3\">Cachoeira da Fuma\u00e7a<\/label><\/span><span class=\"elementor-field-option\"><input type=\"checkbox\" value=\"Projeto Sempre Viva\" id=\"form-field-field_3190b3e-4\" name=\"form_fields[field_3190b3e][]\"> <label for=\"form-field-field_3190b3e-4\">Projeto Sempre Viva<\/label><\/span><span class=\"elementor-field-option\"><input type=\"checkbox\" value=\"Circuito Andorinhas\" id=\"form-field-field_3190b3e-5\" name=\"form_fields[field_3190b3e][]\"> <label for=\"form-field-field_3190b3e-5\">Circuito Andorinhas<\/label><\/span><span class=\"elementor-field-option\"><input type=\"checkbox\" value=\"Vale do Pati\" id=\"form-field-field_3190b3e-6\" name=\"form_fields[field_3190b3e][]\"> <label for=\"form-field-field_3190b3e-6\">Vale do Pati<\/label><\/span><span class=\"elementor-field-option\"><input type=\"checkbox\" value=\"Pantanal Marimbus\" id=\"form-field-field_3190b3e-7\" name=\"form_fields[field_3190b3e][]\"> <label for=\"form-field-field_3190b3e-7\">Pantanal Marimbus<\/label><\/span><span class=\"elementor-field-option\"><input type=\"checkbox\" value=\"Cachoeira do Segredo\" id=\"form-field-field_3190b3e-8\" name=\"form_fields[field_3190b3e][]\"> <label for=\"form-field-field_3190b3e-8\">Cachoeira do Segredo<\/label><\/span><span class=\"elementor-field-option\"><input type=\"checkbox\" value=\"Cachoeira do Ramalho\" id=\"form-field-field_3190b3e-9\" name=\"form_fields[field_3190b3e][]\"> <label for=\"form-field-field_3190b3e-9\">Cachoeira do Ramalho<\/label><\/span><span class=\"elementor-field-option\"><input type=\"checkbox\" value=\"C\u00f3rrego de pedras com Mo\u00e7a loira\" id=\"form-field-field_3190b3e-10\" name=\"form_fields[field_3190b3e][]\"> <label for=\"form-field-field_3190b3e-10\">C\u00f3rrego de pedras com Mo\u00e7a loira<\/label><\/span><span class=\"elementor-field-option\"><input type=\"checkbox\" value=\"Fazenda Pratinha\" id=\"form-field-field_3190b3e-11\" name=\"form_fields[field_3190b3e][]\"> <label for=\"form-field-field_3190b3e-11\">Fazenda Pratinha<\/label><\/span><span class=\"elementor-field-option\"><input type=\"checkbox\" value=\"Mirante do Pati\" id=\"form-field-field_3190b3e-12\" name=\"form_fields[field_3190b3e][]\"> <label for=\"form-field-field_3190b3e-12\">Mirante do Pati<\/label><\/span><span class=\"elementor-field-option\"><input type=\"checkbox\" value=\"Cachoeira do Mosquito\" id=\"form-field-field_3190b3e-13\" name=\"form_fields[field_3190b3e][]\"> <label for=\"form-field-field_3190b3e-13\">Cachoeira do Mosquito<\/label><\/span><span class=\"elementor-field-option\"><input type=\"checkbox\" value=\"Po\u00e7o Azul e Po\u00e7o Encantado\" id=\"form-field-field_3190b3e-14\" name=\"form_fields[field_3190b3e][]\"> <label for=\"form-field-field_3190b3e-14\">Po\u00e7o Azul e Po\u00e7o Encantado<\/label><\/span><\/div>\t\t\t\t<\/div>\n\t\t\t\t\t\t\t\t<div class=\"elementor-field-type-textarea elementor-field-group elementor-column elementor-field-group-field_17e588d elementor-col-100 elementor-sm-100\">\n\t\t\t\t\t\t\t\t\t\t\t\t<label for=\"form-field-field_17e588d\" class=\"elementor-field-label\">\n\t\t\t\t\t\t\t\tPara finalizar nos diga a data e informa\u00e7\u00f5es adicionais\t\t\t\t\t\t\t<\/label>\n\t\t\t\t\t\t<textarea class=\"elementor-field-textual elementor-field  elementor-size-sm\" name=\"form_fields[field_17e588d]\" id=\"form-field-field_17e588d\" rows=\"4\" placeholder=\"escreva aqui...\"><\/textarea>\t\t\t\t<\/div>\n\t\t\t\t\t\t\t\t<div class=\"elementor-field-group elementor-column elementor-field-type-submit elementor-col-100 e-form__buttons\">\n\t\t\t\t\t<button class=\"elementor-button elementor-size-lg elementor-animation-grow\" type=\"submit\">\n\t\t\t\t\t\t<span class=\"elementor-button-content-wrapper\">\n\t\t\t\t\t\t\t\t\t\t\t\t\t\t\t\t\t\t\t\t\t\t<span class=\"elementor-button-text\">Enviar<\/span>\n\t\t\t\t\t\t\t\t\t\t\t\t\t<\/span>\n\t\t\t\t\t<\/button>\n\t\t\t\t<\/div>\n\t\t\t<\/div>\n\t\t<\/form>\n\t\t\t\t\t\t<\/div>\n\t\t\t\t<\/div>\n\t\t\t\t\t<\/div>\n\t\t<\/div>\n\t\t\t\t\t<\/div>\n\t\t<\/section>\n\t\t\t\t<\/div>\n\t\t","protected":false},"excerpt":{"rendered":"<p>Crie o seu roteiro de passeios. Explore as maravilhas naturais deste para\u00edso brasileiro com nossos pacotes personalizados e acess\u00edveis. Nossa equipe especializada est\u00e1 pronta para criar uma experi\u00eancia \u00fanica, levando voc\u00ea a trilhas fascinantes, cachoeiras deslumbrantes, grutas misteriosas e vistas panor\u00e2micas de tirar o f\u00f4lego.<\/p>\n","protected":false},"author":1,"featured_media":0,"parent":0,"menu_order":0,"comment_status":"closed","ping_status":"open","template":"elementor_header_footer","meta":{"footnotes":""},"class_list":["post-29","page","type-page","status-publish","hentry"],"_links":{"self":[{"href":"https:\/\/andarilhosdachapada.com\/index.php\/wp-json\/wp\/v2\/pages\/29","targetHints":{"allow":["GET"]}}],"collection":[{"href":"https:\/\/andarilhosdachapada.com\/index.php\/wp-json\/wp\/v2\/pages"}],"about":[{"href":"https:\/\/andarilhosdachapada.com\/index.php\/wp-json\/wp\/v2\/types\/page"}],"author":[{"embeddable":true,"href":"https:\/\/andarilhosdachapada.com\/index.php\/wp-json\/wp\/v2\/users\/1"}],"replies":[{"embeddable":true,"href":"https:\/\/andarilhosdachapada.com\/index.php\/wp-json\/wp\/v2\/comments?post=29"}],"version-history":[{"count":160,"href":"https:\/\/andarilhosdachapada.com\/index.php\/wp-json\/wp\/v2\/pages\/29\/revisions"}],"predecessor-version":[{"id":3438,"href":"https:\/\/andarilhosdachapada.com\/index.php\/wp-json\/wp\/v2\/pages\/29\/revisions\/3438"}],"wp:attachment":[{"href":"https:\/\/andarilhosdachapada.com\/index.php\/wp-json\/wp\/v2\/media?parent=29"}],"curies":[{"name":"wp","href":"https:\/\/api.w.org\/{rel}","templated":true}]}}